{"id":575,"date":"2018-12-19T11:00:43","date_gmt":"2018-12-19T10:00:43","guid":{"rendered":"https:\/\/transcinema.es\/?page_id=575"},"modified":"2021-07-25T02:01:55","modified_gmt":"2021-07-25T01:01:55","slug":"elementor-575","status":"publish","type":"page","link":"https:\/\/transcinema.es\/va\/elementor-575\/","title":{"rendered":"SERVICIOS"},"content":{"rendered":"<h3>\n\t\t\t\t\tNuestros servicios<\/h3>\n<p>Todos nuestros servicios son realizados con modernos proyectores de l\u00e1mpara x\u00e9non de gran potencia (como en cualquier complejo cinematogr\u00e1fico) y equipos de sonido est\u00e9reo, incluyendo los de \u00faltima tecnolog\u00eda de lector reverse scanner.<\/p>\n<p><img loading=\"lazy\" decoding=\"async\" src=\"https:\/\/i0.wp.com\/transcinema.es\/wp-content\/uploads\/2018\/12\/IMG_3767.jpg?resize=1024%2C683&#038;ssl=1\" alt=\"\" width=\"1024\" height=\"683\"  data-recalc-dims=\"1\"><\/p>\n<p>Disponemos tambi\u00e9n de proyectores de&nbsp;<strong>Cine Digital<\/strong>&nbsp;dotados con l\u00e1mpara x\u00e9non, tecnolog\u00eda&nbsp;<strong>DLP y triple chip<\/strong>&nbsp;que garantizan una proyecci\u00f3n impecable en este formato emergente de cine.<\/p>\n<p><a href=\"\">CINE<\/a><\/p>\n<ul>\n<li>Estrenos<\/li>\n<\/ul>\n<p>sgsfdgsfdgsfgsfdgs<\/p>\n<ul>\n<li>Cl\u00e1sicos de siempre<\/li>\n<li>De autor<\/li>\n<li>Ciclos escolares<\/li>\n<li>Festivales<\/li>\n<li>Cine al aire libre<\/li>\n<\/ul>\n<p><a href=\"\">EQUIPAMIENTO<\/a><\/p>\n<ul>\n<li>Pantallas de todos los tipo y tama\u00f1os:<\/li>\n<\/ul>\n<style type=\"text\/css\" class=\"gmedia_module_style_import\">@import url('https:\/\/transcinema.es\/wp-content\/plugins\/grand-media\/module\/phantom\/css\/style.css') all;\/**** .phantom_module #GmediaGallery_19_2 ****\/<br \/>\n#GmediaGallery_19_2 .gmPhantom_ThumbContainer,<br \/>\n#GmediaGallery_19_2 .gmPhantom_LoadMore {width:300px; height:150px;}<br \/>\n#GmediaGallery_19_2 .gmPhantom_MobileView .gmPhantom_ThumbContainer,<br \/>\n#GmediaGallery_19_2 .gmPhantom_MobileView .gmPhantom_LoadMore {width:100px; height:85px;}<br \/>\n#GmediaGallery_19_2 .gmPhantom_LoadMore .gmPhantom_pager {font-size:75px;line-height:150px;}<br \/>\n#GmediaGallery_19_2 .gmPhantom_MobileView .gmPhantom_LoadMore .gmPhantom_pager {font-size:42.5px;line-height:85px;}<br \/>\n#GmediaGallery_19_2 .gmPhantom_LoadMore[data-col=\"1\"] {width:auto;height:50px;}<br \/>\n#GmediaGallery_19_2 .gmPhantom_LoadMore[data-col=\"1\"] .gmPhantom_pager,<br \/>\n#GmediaGallery_19_2 .gmPhantom_MobileView .gmPhantom_LoadMore[data-col=\"1\"] .gmPhantom_pager {font-size:40px;line-height:50px;}<br \/>\n#GmediaGallery_19_2 .gmPhantom_ThumbContainer,<br \/>\n#GmediaGallery_19_2 .gmPhantom_LoadMore {border:none;}<br \/>\n#GmediaGallery_19_2 .gmPhantom_ThumbContainer,<br \/>\n#GmediaGallery_19_2 .gmPhantom_LoadMore {box-shadow:none;}<\/style>\n<p><a href=\"https:\/\/i0.wp.com\/transcinema.es\/wp-content\/grand-media\/image\/IMG_3602.jpg?ssl=1\"><img decoding=\"async\" src=\"https:\/\/i0.wp.com\/transcinema.es\/wp-content\/grand-media\/image\/thumb\/IMG_3602.jpg?ssl=1\" data-src=\"https:\/\/transcinema.es\/wp-content\/grand-media\/image\/IMG_3602.jpg\" alt=\"IMG 3602\" data-recalc-dims=\"1\"><\/a><br \/>\n<a href=\"https:\/\/i0.wp.com\/transcinema.es\/wp-content\/grand-media\/image\/vlcsnap-2018-04-17-12h28m17s740.jpg?ssl=1\"><img decoding=\"async\" src=\"https:\/\/i0.wp.com\/transcinema.es\/wp-content\/grand-media\/image\/thumb\/vlcsnap-2018-04-17-12h28m17s740.jpg?ssl=1\" data-src=\"https:\/\/transcinema.es\/wp-content\/grand-media\/image\/vlcsnap-2018-04-17-12h28m17s740.jpg\" alt=\"Vlcsnap-2018-04-17-12h28m17s740\" data-recalc-dims=\"1\"><\/a><br \/>\n<a href=\"https:\/\/i0.wp.com\/transcinema.es\/wp-content\/grand-media\/image\/IMG_4869_1.jpg?ssl=1\"><img decoding=\"async\" src=\"https:\/\/i0.wp.com\/transcinema.es\/wp-content\/grand-media\/image\/thumb\/IMG_4869_1.jpg?ssl=1\" data-src=\"https:\/\/transcinema.es\/wp-content\/grand-media\/image\/IMG_4869_1.jpg\" alt=\"IMG 4869\" data-recalc-dims=\"1\"><\/a><\/p>\n<ul>\n<li>Proyectores de \u00faltima generaci\u00f3n DCI 2K de 3 chips<\/li>\n<li>&nbsp;Equipos de sonido Dolby Digital&nbsp; 7.1<\/li>\n<li>Microfon\u00eda inal\u00e1mbrica para cualquier evento<\/li>\n<\/ul>\n<p><a href=\"\">TRABAJOS REALIZADOS<\/a><\/p>\n<ul>\n<li>Proyecci\u00f3n de todo tipo de contenidos<\/li>\n<li>Conversiones de DCP\/BluRay\/DVD\/Otros<\/li>\n<li>Subt\u00edtulos<\/li>\n<li>Distribuci\u00f3n de t\u00edtulos<\/li>\n<\/ul>\n<pre><\/pre>\n<p><a href=\"http:\/\/transcinema.es\/contrataciones\" target=\"_blank\" rel=\"noopener\"><button><b>contratar servicio<\/b><\/button><\/a><br \/>\n+<br \/>\n0<br \/>\nTrabajos realizados con nuestros clientes<\/p>\n","protected":false},"excerpt":{"rendered":"<p>Nuestros servicios Todos nuestros servicios son realizados con modernos proyectores de l\u00e1mpara x\u00e9non de gran potencia (como en cualquier complejo cinematogr\u00e1fico) y equipos de sonido est\u00e9reo, incluyendo los de \u00faltima tecnolog\u00eda de lector reverse scanner. Disponemos tambi\u00e9n de proyectores de&nbsp;Cine Digital&nbsp;dotados con l\u00e1mpara x\u00e9non, tecnolog\u00eda&nbsp;DLP y triple chip&nbsp;que garantizan una proyecci\u00f3n impecable en este formatoAmpliar +<\/p>\n","protected":false},"author":1,"featured_media":0,"parent":0,"menu_order":0,"comment_status":"closed","ping_status":"closed","template":"","meta":{"_genesis_hide_title":false,"_genesis_hide_breadcrumbs":false,"_genesis_hide_singular_image":false,"_genesis_hide_footer_widgets":false,"_genesis_custom_body_class":"","_genesis_custom_post_class":"","_genesis_layout":"","footnotes":""},"jetpack_sharing_enabled":true,"_links":{"self":[{"href":"https:\/\/transcinema.es\/va\/wp-json\/wp\/v2\/pages\/575"}],"collection":[{"href":"https:\/\/transcinema.es\/va\/wp-json\/wp\/v2\/pages"}],"about":[{"href":"https:\/\/transcinema.es\/va\/wp-json\/wp\/v2\/types\/page"}],"author":[{"embeddable":true,"href":"https:\/\/transcinema.es\/va\/wp-json\/wp\/v2\/users\/1"}],"replies":[{"embeddable":true,"href":"https:\/\/transcinema.es\/va\/wp-json\/wp\/v2\/comments?post=575"}],"version-history":[{"count":12,"href":"https:\/\/transcinema.es\/va\/wp-json\/wp\/v2\/pages\/575\/revisions"}],"predecessor-version":[{"id":882,"href":"https:\/\/transcinema.es\/va\/wp-json\/wp\/v2\/pages\/575\/revisions\/882"}],"wp:attachment":[{"href":"https:\/\/transcinema.es\/va\/wp-json\/wp\/v2\/media?parent=575"}],"curies":[{"name":"wp","href":"https:\/\/api.w.org\/{rel}","templated":true}]}}